{"id":947,"date":"2020-10-21T11:42:24","date_gmt":"2020-10-21T09:42:24","guid":{"rendered":"http:\/\/danhostelsvendborg.101-odense.dk\/?page_id=947"},"modified":"2024-03-22T12:34:06","modified_gmt":"2024-03-22T10:34:06","slug":"lejrskole","status":"publish","type":"page","link":"https:\/\/dkhostel.dk\/?page_id=947","title":{"rendered":"LEJRSKOLE"},"content":{"rendered":"<p>Kerteminde Vandrerhjem et oplagt valg, hvis I skal p\u00e5 lejrskole p\u00e5 Fyn<\/p>\n","protected":false},"excerpt":{"rendered":"<p>Kerteminde Vandrerhjem et oplagt valg, hvis I skal p\u00e5 lejrskole p\u00e5 Fyn<\/p>\n","protected":false},"author":1,"featured_media":963,"parent":0,"menu_order":0,"comment_status":"closed","ping_status":"closed","template":"page-template\/tpl_about.php","meta":{"footnotes":""},"class_list":["post-947","page","type-page","status-publish","has-post-thumbnail","hentry"],"yoast_head":"<!-- This site is optimized with the Yoast SEO plugin v19.13 - https:\/\/yoast.com\/wordpress\/plugins\/seo\/ -->\n<title>Lejrskole hos Danhostel Kerteminde p\u00e5 Fyn<\/title>\n<meta name=\"description\" content=\"Skal I p\u00e5 lejrskole p\u00e5 Fyn er Danhostel Kerteminde et oplagt valg. En lejrskole her giver mulighed for at l\u00e6re b\u00f8rnene noget om b\u00e5de historie, biologi og kultur.\" \/>\n<meta name=\"robots\" content=\"index, follow, max-snippet:-1, max-image-preview:large, max-video-preview:-1\" \/>\n<link rel=\"canonical\" href=\"https:\/\/dkhostel.dk\/?page_id=947\" \/>\n<meta property=\"og:locale\" content=\"da_DK\" \/>\n<meta property=\"og:type\" content=\"article\" \/>\n<meta property=\"og:title\" content=\"Lejrskole hos Danhostel Kerteminde p\u00e5 Fyn\" \/>\n<meta property=\"og:description\" content=\"Skal I p\u00e5 lejrskole p\u00e5 Fyn er Danhostel Kerteminde et oplagt valg. En lejrskole her giver mulighed for at l\u00e6re b\u00f8rnene noget om b\u00e5de historie, biologi og kultur.\" \/>\n<meta property=\"og:url\" content=\"https:\/\/dkhostel.dk\/?page_id=947\" \/>\n<meta property=\"og:site_name\" content=\"Danhostel Kerteminde\" \/>\n<meta property=\"article:publisher\" content=\"https:\/\/da-dk.facebook.com\/danhostelkerteminde\/\" \/>\n<meta property=\"article:modified_time\" content=\"2024-03-22T10:34:06+00:00\" \/>\n<meta property=\"og:image\" content=\"https:\/\/dkhostel.dk\/wp-content\/uploads\/2020\/11\/Hotel-Skovpavillonen-midtergaard-5-scaled.jpg\" \/>\n\t<meta property=\"og:image:width\" content=\"2560\" \/>\n\t<meta property=\"og:image:height\" content=\"1392\" \/>\n\t<meta property=\"og:image:type\" content=\"image\/jpeg\" \/>\n<meta name=\"twitter:card\" content=\"summary_large_image\" \/>\n<meta name=\"twitter:label1\" content=\"Estimeret l\u00e6setid\" \/>\n\t<meta name=\"twitter:data1\" content=\"1 minut\" \/>\n<script type=\"application\/ld+json\" class=\"yoast-schema-graph\">{\"@context\":\"https:\/\/schema.org\",\"@graph\":[{\"@type\":\"WebPage\",\"@id\":\"https:\/\/dkhostel.dk\/?page_id=947\",\"url\":\"https:\/\/dkhostel.dk\/?page_id=947\",\"name\":\"Lejrskole hos Danhostel Kerteminde p\u00e5 Fyn\",\"isPartOf\":{\"@id\":\"https:\/\/dkhostel.dk\/#website\"},\"datePublished\":\"2020-10-21T09:42:24+00:00\",\"dateModified\":\"2024-03-22T10:34:06+00:00\",\"description\":\"Skal I p\u00e5 lejrskole p\u00e5 Fyn er Danhostel Kerteminde et oplagt valg. En lejrskole her giver mulighed for at l\u00e6re b\u00f8rnene noget om b\u00e5de historie, biologi og kultur.\",\"breadcrumb\":{\"@id\":\"https:\/\/dkhostel.dk\/?page_id=947#breadcrumb\"},\"inLanguage\":\"da-DK\",\"potentialAction\":[{\"@type\":\"ReadAction\",\"target\":[\"https:\/\/dkhostel.dk\/?page_id=947\"]}]},{\"@type\":\"BreadcrumbList\",\"@id\":\"https:\/\/dkhostel.dk\/?page_id=947#breadcrumb\",\"itemListElement\":[{\"@type\":\"ListItem\",\"position\":1,\"name\":\"Home\",\"item\":\"https:\/\/dkhostel.dk\/\"},{\"@type\":\"ListItem\",\"position\":2,\"name\":\"LEJRSKOLE\"}]},{\"@type\":\"WebSite\",\"@id\":\"https:\/\/dkhostel.dk\/#website\",\"url\":\"https:\/\/dkhostel.dk\/\",\"name\":\"Hotel Skovpavillionen\",\"description\":\"OVERNATNING I SK\u00d8NNE OMGIVELSER\",\"potentialAction\":[{\"@type\":\"SearchAction\",\"target\":{\"@type\":\"EntryPoint\",\"urlTemplate\":\"https:\/\/dkhostel.dk\/?s={search_term_string}\"},\"query-input\":\"required name=search_term_string\"}],\"inLanguage\":\"da-DK\"}]}<\/script>\n<!-- \/ Yoast SEO plugin. -->","yoast_head_json":{"title":"Lejrskole hos Danhostel Kerteminde p\u00e5 Fyn","description":"Skal I p\u00e5 lejrskole p\u00e5 Fyn er Danhostel Kerteminde et oplagt valg. En lejrskole her giver mulighed for at l\u00e6re b\u00f8rnene noget om b\u00e5de historie, biologi og kultur.","robots":{"index":"index","follow":"follow","max-snippet":"max-snippet:-1","max-image-preview":"max-image-preview:large","max-video-preview":"max-video-preview:-1"},"canonical":"https:\/\/dkhostel.dk\/?page_id=947","og_locale":"da_DK","og_type":"article","og_title":"Lejrskole hos Danhostel Kerteminde p\u00e5 Fyn","og_description":"Skal I p\u00e5 lejrskole p\u00e5 Fyn er Danhostel Kerteminde et oplagt valg. En lejrskole her giver mulighed for at l\u00e6re b\u00f8rnene noget om b\u00e5de historie, biologi og kultur.","og_url":"https:\/\/dkhostel.dk\/?page_id=947","og_site_name":"Danhostel Kerteminde","article_publisher":"https:\/\/da-dk.facebook.com\/danhostelkerteminde\/","article_modified_time":"2024-03-22T10:34:06+00:00","og_image":[{"width":2560,"height":1392,"url":"https:\/\/dkhostel.dk\/wp-content\/uploads\/2020\/11\/Hotel-Skovpavillonen-midtergaard-5-scaled.jpg","type":"image\/jpeg"}],"twitter_card":"summary_large_image","twitter_misc":{"Estimeret l\u00e6setid":"1 minut"},"schema":{"@context":"https:\/\/schema.org","@graph":[{"@type":"WebPage","@id":"https:\/\/dkhostel.dk\/?page_id=947","url":"https:\/\/dkhostel.dk\/?page_id=947","name":"Lejrskole hos Danhostel Kerteminde p\u00e5 Fyn","isPartOf":{"@id":"https:\/\/dkhostel.dk\/#website"},"datePublished":"2020-10-21T09:42:24+00:00","dateModified":"2024-03-22T10:34:06+00:00","description":"Skal I p\u00e5 lejrskole p\u00e5 Fyn er Danhostel Kerteminde et oplagt valg. En lejrskole her giver mulighed for at l\u00e6re b\u00f8rnene noget om b\u00e5de historie, biologi og kultur.","breadcrumb":{"@id":"https:\/\/dkhostel.dk\/?page_id=947#breadcrumb"},"inLanguage":"da-DK","potentialAction":[{"@type":"ReadAction","target":["https:\/\/dkhostel.dk\/?page_id=947"]}]},{"@type":"BreadcrumbList","@id":"https:\/\/dkhostel.dk\/?page_id=947#breadcrumb","itemListElement":[{"@type":"ListItem","position":1,"name":"Home","item":"https:\/\/dkhostel.dk\/"},{"@type":"ListItem","position":2,"name":"LEJRSKOLE"}]},{"@type":"WebSite","@id":"https:\/\/dkhostel.dk\/#website","url":"https:\/\/dkhostel.dk\/","name":"Hotel Skovpavillionen","description":"OVERNATNING I SK\u00d8NNE OMGIVELSER","potentialAction":[{"@type":"SearchAction","target":{"@type":"EntryPoint","urlTemplate":"https:\/\/dkhostel.dk\/?s={search_term_string}"},"query-input":"required name=search_term_string"}],"inLanguage":"da-DK"}]}},"_links":{"self":[{"href":"https:\/\/dkhostel.dk\/index.php?rest_route=\/wp\/v2\/pages\/947","targetHints":{"allow":["GET"]}}],"collection":[{"href":"https:\/\/dkhostel.dk\/index.php?rest_route=\/wp\/v2\/pages"}],"about":[{"href":"https:\/\/dkhostel.dk\/index.php?rest_route=\/wp\/v2\/types\/page"}],"author":[{"embeddable":true,"href":"https:\/\/dkhostel.dk\/index.php?rest_route=\/wp\/v2\/users\/1"}],"replies":[{"embeddable":true,"href":"https:\/\/dkhostel.dk\/index.php?rest_route=%2Fwp%2Fv2%2Fcomments&post=947"}],"version-history":[{"count":35,"href":"https:\/\/dkhostel.dk\/index.php?rest_route=\/wp\/v2\/pages\/947\/revisions"}],"predecessor-version":[{"id":1744,"href":"https:\/\/dkhostel.dk\/index.php?rest_route=\/wp\/v2\/pages\/947\/revisions\/1744"}],"wp:featuredmedia":[{"embeddable":true,"href":"https:\/\/dkhostel.dk\/index.php?rest_route=\/wp\/v2\/media\/963"}],"wp:attachment":[{"href":"https:\/\/dkhostel.dk\/index.php?rest_route=%2Fwp%2Fv2%2Fmedia&parent=947"}],"curies":[{"name":"wp","href":"https:\/\/api.w.org\/{rel}","templated":true}]}}