{"id":34,"date":"2019-03-13T12:24:49","date_gmt":"2019-03-13T12:24:49","guid":{"rendered":"http:\/\/192.168.0.196\/hotelskovpavillionen\/?page_id=34"},"modified":"2024-07-12T13:45:21","modified_gmt":"2024-07-12T11:45:21","slug":"om","status":"publish","type":"page","link":"https:\/\/dkhostel.dk\/?page_id=34","title":{"rendered":"OM"},"content":{"rendered":"<p>Kerteminde Vandrerhjem ligger i et gr\u00f8nt omr\u00e5de,<br \/>\nomgivet af skov og bypark lige uden for d\u00f8ren.<br \/>\nT\u00e6t ved den b\u00f8rnevenlige Sydstrand og kun 10 minutters gang fra byen.<\/p>\n","protected":false},"excerpt":{"rendered":"<p>Kerteminde Vandrerhjem ligger i et gr\u00f8nt omr\u00e5de, omgivet af skov og bypark lige uden for d\u00f8ren. T\u00e6t ved den b\u00f8rnevenlige Sydstrand og kun 10 minutters gang fra byen.<\/p>\n","protected":false},"author":1,"featured_media":749,"parent":0,"menu_order":0,"comment_status":"closed","ping_status":"closed","template":"page-template\/tpl_about.php","meta":{"footnotes":""},"class_list":["post-34","page","type-page","status-publish","has-post-thumbnail","hentry"],"yoast_head":"<!-- This site is optimized with the Yoast SEO plugin v19.13 - https:\/\/yoast.com\/wordpress\/plugins\/seo\/ -->\n<title>OM - Danhostel Kerteminde<\/title>\n<meta name=\"description\" content=\"Et vandrehjem med moderniserede v\u00e6relser, eget bad og toilet samt TV. Fine senge og gode faciliteter. Lad os give dig et dejligt ophold\" \/>\n<meta name=\"robots\" content=\"index, follow, max-snippet:-1, max-image-preview:large, max-video-preview:-1\" \/>\n<link rel=\"canonical\" href=\"https:\/\/dkhostel.dk\/?page_id=34\" \/>\n<meta property=\"og:locale\" content=\"da_DK\" \/>\n<meta property=\"og:type\" content=\"article\" \/>\n<meta property=\"og:title\" content=\"OM - Danhostel Kerteminde\" \/>\n<meta property=\"og:description\" content=\"Et vandrehjem med moderniserede v\u00e6relser, eget bad og toilet samt TV. Fine senge og gode faciliteter. Lad os give dig et dejligt ophold\" \/>\n<meta property=\"og:url\" content=\"https:\/\/dkhostel.dk\/?page_id=34\" \/>\n<meta property=\"og:site_name\" content=\"Danhostel Kerteminde\" \/>\n<meta property=\"article:publisher\" content=\"https:\/\/da-dk.facebook.com\/danhostelkerteminde\/\" \/>\n<meta property=\"article:modified_time\" content=\"2024-07-12T11:45:21+00:00\" \/>\n<meta property=\"og:image\" content=\"https:\/\/dkhostel.dk\/wp-content\/uploads\/2019\/09\/front-facade-1.jpg\" \/>\n\t<meta property=\"og:image:width\" content=\"8056\" \/>\n\t<meta property=\"og:image:height\" content=\"3845\" \/>\n\t<meta property=\"og:image:type\" content=\"image\/jpeg\" \/>\n<meta name=\"twitter:card\" content=\"summary_large_image\" \/>\n<meta name=\"twitter:label1\" content=\"Estimeret l\u00e6setid\" \/>\n\t<meta name=\"twitter:data1\" content=\"1 minut\" \/>\n<script type=\"application\/ld+json\" class=\"yoast-schema-graph\">{\"@context\":\"https:\/\/schema.org\",\"@graph\":[{\"@type\":\"WebPage\",\"@id\":\"https:\/\/dkhostel.dk\/?page_id=34\",\"url\":\"https:\/\/dkhostel.dk\/?page_id=34\",\"name\":\"OM - Danhostel Kerteminde\",\"isPartOf\":{\"@id\":\"https:\/\/dkhostel.dk\/#website\"},\"datePublished\":\"2019-03-13T12:24:49+00:00\",\"dateModified\":\"2024-07-12T11:45:21+00:00\",\"description\":\"Et vandrehjem med moderniserede v\u00e6relser, eget bad og toilet samt TV. Fine senge og gode faciliteter. Lad os give dig et dejligt ophold\",\"breadcrumb\":{\"@id\":\"https:\/\/dkhostel.dk\/?page_id=34#breadcrumb\"},\"inLanguage\":\"da-DK\",\"potentialAction\":[{\"@type\":\"ReadAction\",\"target\":[\"https:\/\/dkhostel.dk\/?page_id=34\"]}]},{\"@type\":\"BreadcrumbList\",\"@id\":\"https:\/\/dkhostel.dk\/?page_id=34#breadcrumb\",\"itemListElement\":[{\"@type\":\"ListItem\",\"position\":1,\"name\":\"Home\",\"item\":\"https:\/\/dkhostel.dk\/\"},{\"@type\":\"ListItem\",\"position\":2,\"name\":\"OM\"}]},{\"@type\":\"WebSite\",\"@id\":\"https:\/\/dkhostel.dk\/#website\",\"url\":\"https:\/\/dkhostel.dk\/\",\"name\":\"Hotel Skovpavillionen\",\"description\":\"OVERNATNING I SK\u00d8NNE OMGIVELSER\",\"potentialAction\":[{\"@type\":\"SearchAction\",\"target\":{\"@type\":\"EntryPoint\",\"urlTemplate\":\"https:\/\/dkhostel.dk\/?s={search_term_string}\"},\"query-input\":\"required name=search_term_string\"}],\"inLanguage\":\"da-DK\"}]}<\/script>\n<!-- \/ Yoast SEO plugin. -->","yoast_head_json":{"title":"OM - Danhostel Kerteminde","description":"Et vandrehjem med moderniserede v\u00e6relser, eget bad og toilet samt TV. Fine senge og gode faciliteter. Lad os give dig et dejligt ophold","robots":{"index":"index","follow":"follow","max-snippet":"max-snippet:-1","max-image-preview":"max-image-preview:large","max-video-preview":"max-video-preview:-1"},"canonical":"https:\/\/dkhostel.dk\/?page_id=34","og_locale":"da_DK","og_type":"article","og_title":"OM - Danhostel Kerteminde","og_description":"Et vandrehjem med moderniserede v\u00e6relser, eget bad og toilet samt TV. Fine senge og gode faciliteter. Lad os give dig et dejligt ophold","og_url":"https:\/\/dkhostel.dk\/?page_id=34","og_site_name":"Danhostel Kerteminde","article_publisher":"https:\/\/da-dk.facebook.com\/danhostelkerteminde\/","article_modified_time":"2024-07-12T11:45:21+00:00","og_image":[{"width":8056,"height":3845,"url":"https:\/\/dkhostel.dk\/wp-content\/uploads\/2019\/09\/front-facade-1.jpg","type":"image\/jpeg"}],"twitter_card":"summary_large_image","twitter_misc":{"Estimeret l\u00e6setid":"1 minut"},"schema":{"@context":"https:\/\/schema.org","@graph":[{"@type":"WebPage","@id":"https:\/\/dkhostel.dk\/?page_id=34","url":"https:\/\/dkhostel.dk\/?page_id=34","name":"OM - Danhostel Kerteminde","isPartOf":{"@id":"https:\/\/dkhostel.dk\/#website"},"datePublished":"2019-03-13T12:24:49+00:00","dateModified":"2024-07-12T11:45:21+00:00","description":"Et vandrehjem med moderniserede v\u00e6relser, eget bad og toilet samt TV. Fine senge og gode faciliteter. Lad os give dig et dejligt ophold","breadcrumb":{"@id":"https:\/\/dkhostel.dk\/?page_id=34#breadcrumb"},"inLanguage":"da-DK","potentialAction":[{"@type":"ReadAction","target":["https:\/\/dkhostel.dk\/?page_id=34"]}]},{"@type":"BreadcrumbList","@id":"https:\/\/dkhostel.dk\/?page_id=34#breadcrumb","itemListElement":[{"@type":"ListItem","position":1,"name":"Home","item":"https:\/\/dkhostel.dk\/"},{"@type":"ListItem","position":2,"name":"OM"}]},{"@type":"WebSite","@id":"https:\/\/dkhostel.dk\/#website","url":"https:\/\/dkhostel.dk\/","name":"Hotel Skovpavillionen","description":"OVERNATNING I SK\u00d8NNE OMGIVELSER","potentialAction":[{"@type":"SearchAction","target":{"@type":"EntryPoint","urlTemplate":"https:\/\/dkhostel.dk\/?s={search_term_string}"},"query-input":"required name=search_term_string"}],"inLanguage":"da-DK"}]}},"_links":{"self":[{"href":"https:\/\/dkhostel.dk\/index.php?rest_route=\/wp\/v2\/pages\/34","targetHints":{"allow":["GET"]}}],"collection":[{"href":"https:\/\/dkhostel.dk\/index.php?rest_route=\/wp\/v2\/pages"}],"about":[{"href":"https:\/\/dkhostel.dk\/index.php?rest_route=\/wp\/v2\/types\/page"}],"author":[{"embeddable":true,"href":"https:\/\/dkhostel.dk\/index.php?rest_route=\/wp\/v2\/users\/1"}],"replies":[{"embeddable":true,"href":"https:\/\/dkhostel.dk\/index.php?rest_route=%2Fwp%2Fv2%2Fcomments&post=34"}],"version-history":[{"count":32,"href":"https:\/\/dkhostel.dk\/index.php?rest_route=\/wp\/v2\/pages\/34\/revisions"}],"predecessor-version":[{"id":1827,"href":"https:\/\/dkhostel.dk\/index.php?rest_route=\/wp\/v2\/pages\/34\/revisions\/1827"}],"wp:featuredmedia":[{"embeddable":true,"href":"https:\/\/dkhostel.dk\/index.php?rest_route=\/wp\/v2\/media\/749"}],"wp:attachment":[{"href":"https:\/\/dkhostel.dk\/index.php?rest_route=%2Fwp%2Fv2%2Fmedia&parent=34"}],"curies":[{"name":"wp","href":"https:\/\/api.w.org\/{rel}","templated":true}]}}