{"id":3,"date":"2019-03-13T08:50:43","date_gmt":"2019-03-13T08:50:43","guid":{"rendered":"http:\/\/192.168.0.196\/hotelskovpavillionen\/?page_id=3"},"modified":"2020-11-26T12:37:13","modified_gmt":"2020-11-26T10:37:13","slug":"privacy-policy","status":"publish","type":"page","link":"https:\/\/dkhostel.dk\/?page_id=3","title":{"rendered":"Privacy Policy"},"content":{"rendered":"<p>DANHOSTEL KERTEMINDE<\/p>\n<p>Denne fortrolighedspolitik er beregnet til at hj\u00e6lpe dig med at forst\u00e5, hvilke data vi indsamler, hvorfor vi indsamler det og hvad vi g\u00f8r med denne data. Dette er vigtigt, ikke kun for at sikre sikkerheden af dine personlige data, men ogs\u00e5 for at sikre at\u00a0www.dkhostel.dk opfylder alle betingelserne i forhold til den nye persondataforordning (GDPR) som vil tr\u00e5dte i kraft den 25. maj 2018.<\/p>\n<p><strong>Persondataforordning (GDPR)<\/strong><br \/>\nGDPR s\u00e6tter nye rammer for, hvorledes persondata behandles samt hvordan vi forholder os til retten til privatliv. Persondataforordningen har til form\u00e5l at styrke og forene databeskyttelsesregler og rettigheder til fordel for EU-borgere. Den er g\u00e6ldende for alle EU-organisationer og organisationer uden for EU (af enhver st\u00f8rrelse), der leverer varer og tjenesteydelser til EU, eller som bruger sporingsteknologier (s\u00e5som cookies eller sporingspixel) til at overv\u00e5ge EU-brugernes adf\u00e6rd.<\/p>\n<p><strong>PERSONLIGE OPLYSNINGER &#8211; HVAD VI INDSAMLER OG HVORFOR<\/strong> Vi tilbyder visse funktioner p\u00e5 hjemmesiden der kun er tilg\u00e6ngelige via brug af f\u00f8lgende sporingsteknologier. Du kan altid blokere, slette eller deaktivere disse teknologier, hvis din browser tillader det. Hvis du dog afviser cookies eller andre lignende teknologier, kan du muligvis ikke udnytte bestemte funktioner eller v\u00e6rkt\u00f8jer. Generelt tillader disse teknologier vores hjemmeside at gemme relevante oplysninger i din browser eller enhed og senere l\u00e6se disse oplysninger for at vores servere eller interne systemer kan identificere dig. Hvor det er relevant, beskytter vi vores cookies og andre lignende teknologier for at sikre, at kun vi og\/eller vores autoriserede serviceudbydere kan fortolke dem ved at tildele dem en unik identifikation, der kun er konstrueret til fortolkning af os. For at du kan booke en overnatning med os via websitet skal du lade dig registrere med f\u00f8lgende personlige oplysninger: navn, adresse, tlf. nummer og e-mail adresse. Personoplysningerne registreres hos os, og opbevares efter krav i regnskabsloven i 5 \u00e5r, hvorefter de slettes.Vi foretager registreringen af dine personoplysninger alene med det form\u00e5l at kunne levere varen til dig. N\u00e5r der indsamles personoplysninger via vores website, sikrer vi, at det altid sker ved afgivelse af dit udtrykkelige samtykke s\u00e5ledes at du er informeret om pr\u00e6cis, hvilke oplysninger der indsamles og hvorfor. Alle ansatte i virksomheden har adgang til de oplysninger, der registreres om dig.<\/p>\n<p>Personoplysningerne og kreditkort informationer transmitteres krypteret direkte til PBS. Autolog opbevarer ingen kreditkortinformationer. Oplysningerne videregives\/s\u00e6lges aldrig til tredjemand.<\/p>\n<p><strong>1.1 COOKIES<\/strong> Ved at benytte denne hjemmeside, s\u00e5 accepterer du vores cookiepolitik. Denne hjemmeside bruger, som mange andre, cookies. Cookies s\u00f8rger for, at vi kan levere en bedre brugeroplevelse i hjemmesidens funktioner. Mange funktioner p\u00e5 hjemmesiden afh\u00e6nger af brug og lagring af cookies, og du kan derfor ikke forvente at hjemmesiden fungerer efter hensigten, hvis du deaktiverer cookies. Vi behandler oplysninger indsamlet af cookies og andre teknologier som ikke-personlige oplysninger. I den udstr\u00e6kning, at IP-adresser eller lignende identifikatorer betragtes som personlige oplysninger i henhold til lovgivningen, behandler vi ogs\u00e5 disse identifikatorer som personlige oplysninger. Tilsvarende behandler vi de kombinerede oplysninger som personlige oplysninger i forbindelse med denne privatlivspolitik, i det omfang ikke-personlige oplysninger kombineres med personlige oplysninger.<\/p>\n<p><strong>1.1.1 HVAD ER COOKIES<\/strong> En cookie er en fil, som browseren l\u00e6gger p\u00e5 din computer. Den g\u00f8r det muligt at genkende din computer, og huske valg du tidligere har truffet p\u00e5 hjemmesiden. Eks. sprogvalg. En cookie kan ikke sprede computervirus eller andre skadelige programmer. Cookies sletter sig selv efter et vist antal m\u00e5neder (kan variere), men de fornyes efter hvert bes\u00f8g. Cookien kan ikke se, hvem du er, hvad du hedder, hvor du bor eller om computeren bruges af en eller flere personer. Hvis du giver personlige oplysninger til en hjemmeside, s\u00e5 kan en cookie dog anvendes til at huske dig til n\u00e6ste gang du bes\u00f8ger hjemmesiden.<\/p>\n<p><strong>1.1.2 DENNE HJEMMESIDE BENYTTER F\u00d8LGENDE COOKIES: <\/strong>FUNKTIONALITET<\/p>\n<h3>COOKIE-INDSTILLINGER<\/h3>\n<p>CakeCookie[vm-gdpr] &#8211; 1 m\u00e5ned<br \/>\nBruges til at huske de valg der tages under Cookie-Indstillinger.<\/p>\n<p>CakeCookie[vm-gdpr-accept] &#8211; 1 m\u00e5ned<br \/>\nAngiver om cookie-indstillinger er blevet gennemg\u00e5et \/ accepteret.<\/p>\n<h3>HJEMMESIDE<\/h3>\n<p>Hjemmesiden s\u00e6tter denne cookie, for at huske hvilke sider der er blevet vist, for senere at kunne fremh\u00e6ve disse sider.<\/p>\n<h3>STATISTIK<br \/>\nGOOGLE ANALYTICS<\/h3>\n<p>__utma &#8211; 2 \u00e5r<br \/>\nDenne cookie fra Google bruges til overv\u00e5gning af trafik p\u00e5 vores hjemmeside og sporing af hver bes\u00f8gendes antal bes\u00f8g, tidspunktet for det f\u00f8rste bes\u00f8g, tidligere bes\u00f8g og det aktuelle bes\u00f8g.<\/p>\n<p>__utmb &#8211; Slettes efter session udl\u00f8bstid<br \/>\nDenne cookie bruges til at spore, hvor lang tid den bes\u00f8gende tilbringer p\u00e5 en webplacering: n\u00e5r et bes\u00f8g starter og n\u00e5r det n\u00e6sten ender. Hvis du observerer cookie\u00e6ndringer (f.eks. Ved brug af firecookie), vil du se regelm\u00e6ssige \u00e6ndringer.<\/p>\n<p>__utmc &#8211; 2 \u00e5r<br \/>\nRegistrerer et tidsstempel med det pr\u00e6cise tidspunkt, hvor brugeren forlader hjemmesiden. Anvendes af Google Analytics til at beregne hvor lang tid et bes\u00f8g p\u00e5 hjemmesiden varer<\/p>\n<p>__utmt &#8211; 2 \u00e5r<br \/>\nAnvendes til at drosle hastigheden p\u00e5 antallet af foresp\u00f8rgsler til serveren.<\/p>\n<p>__utmz &#8211; 180 dage<br \/>\nDenne cookie fra Google bruges til overv\u00e5gning af trafik p\u00e5 vores hjemmeside og sporing af hver bes\u00f8gendes antal bes\u00f8g, tidspunktet for det f\u00f8rste bes\u00f8g, tidligere bes\u00f8g<br \/>\nog det aktuelle bes\u00f8g<\/p>\n<p><strong>VORES TREDJE PARTS DATAPROCESSOR<\/strong> Vi bruger en r\u00e6kke tredjeparter til at behandle personlige data p\u00e5 vores vegne. Disse tredjeparter er blevet n\u00f8je udvalgt. L\u00e6s mere p\u00e5 deres respektive hjemmesider. Google (Privacy Policy)<br \/>\nTag Manager (Google privacy policy)<\/p>\n<p><strong>DATA BRUD<\/strong> Vi vil rapportere enhver ulovlig dataskr\u00e6nkelse af denne hjemmesides database eller databasen (er) fra nogen af vores tredjeparts dataprocessorer til alle relevante personer og myndigheder inden for 72 timer efter overtr\u00e6delsen, hvis det fremg\u00e5r, at personoplysninger, der er lagret i en identificerbar m\u00e5de er blevet stj\u00e5let.<\/p>\n<p><strong>DATASTYRING<\/strong> Datasyringen p\u00e5 denne hjemmeside styres af:\u00a0\u00a0Hotel Skovpavillonen Kerteminde, CVR. Nr.: 3207 3409.Hotel Skovpavillonen<br \/>\nSkovvej 48<br \/>\n5300 Kerteminde+45 6532 3929<br \/>\ninfo@dkhostel.dk<\/p>\n<p><strong>RET TIL ADGANG OG AT BLIVE GLEMT<\/strong> Kontakt os, hvis du \u00f8nsker at anmode om adgang til dine personlige oplysninger, der er gemt i vores databaser, eller hvis du vil have dine personlige data slettet fra vores databaser. Vi vil reagere uden un\u00f8dig forsinkelse (og under alle omst\u00e6ndigheder inden for en m\u00e5ned fra modtagelsen af din anmodning, selvom dette kan udvides i vanskelige tilf\u00e6lde).Hotel Skovpavillonen<br \/>\nSkovvej 48<br \/>\n5300 Kerteminde+45 6532 3929<br \/>\ninfo@dkhostel.dkN\u00e5r et privatlivssp\u00f8rgsm\u00e5l eller en anmodning om adgang \/ download er modtaget, har vi et dedikeret team, der sorterer kontakterne og s\u00f8ger at l\u00f8se den specifikke bekymring eller foresp\u00f8rgsel. Hvis dit problem er mere substantiel, kan vi kontakte dig for mere information.<\/p>\n<p><strong>SP\u00d8RGSM\u00c5L VEDR\u00d8RENDE PRIVATLIVS- OG COOKIEPOLITIK<\/strong> Hvis du har sp\u00f8rgsm\u00e5l eller bekymringer vedr\u00f8rende privatlivspolitikken eller databehandlingen, eller hvis du vil klage over en mulig overtr\u00e6delse af lovgivning om beskyttelse af personlige oplysninger, bedes du kontakte os:<\/p>\n<p>Hotel Skovpavillonen<br \/>\nSkovvej 48<br \/>\n5300 Kerteminde+45 6532 3929<br \/>\ninfo@dkhostel.dk<\/p>\n<p>N\u00e5r et privatlivssp\u00f8rgsm\u00e5l eller en anmodning om adgang \/ download er modtaget, har vi et dedikeret team, der sorterer kontakterne og s\u00f8ger at l\u00f8se den specifikke bekymring eller foresp\u00f8rgsel. Hvis dit problem er mere substantiel, kan vi kontakte dig for mere information.<\/p>\n","protected":false},"excerpt":{"rendered":"<p>DANHOSTEL KERTEMINDE Denne fortrolighedspolitik er beregnet til at hj\u00e6lpe dig med at forst\u00e5, hvilke data vi indsamler, hvorfor vi indsamler det og hvad vi g\u00f8r med denne data. Dette er vigtigt, ikke kun for at sikre sikkerheden af dine personlige data, men ogs\u00e5 for at sikre at\u00a0www.dkhostel.dk opfylder alle betingelserne i forhold til den nye [&hellip;]<\/p>\n","protected":false},"author":1,"featured_media":0,"parent":0,"menu_order":0,"comment_status":"closed","ping_status":"closed","template":"","meta":{"footnotes":""},"class_list":["post-3","page","type-page","status-publish","hentry"],"yoast_head":"<!-- This site is optimized with the Yoast SEO plugin v19.13 - https:\/\/yoast.com\/wordpress\/plugins\/seo\/ -->\n<title>Privacy Policy - Danhostel Kerteminde<\/title>\n<meta name=\"robots\" content=\"index, follow, max-snippet:-1, max-image-preview:large, max-video-preview:-1\" \/>\n<link rel=\"canonical\" href=\"https:\/\/dkhostel.dk\/?page_id=3\" \/>\n<meta property=\"og:locale\" content=\"da_DK\" \/>\n<meta property=\"og:type\" content=\"article\" \/>\n<meta property=\"og:title\" content=\"Privacy Policy - Danhostel Kerteminde\" \/>\n<meta property=\"og:description\" content=\"DANHOSTEL KERTEMINDE Denne fortrolighedspolitik er beregnet til at hj\u00e6lpe dig med at forst\u00e5, hvilke data vi indsamler, hvorfor vi indsamler det og hvad vi g\u00f8r med denne data. Dette er vigtigt, ikke kun for at sikre sikkerheden af dine personlige data, men ogs\u00e5 for at sikre at\u00a0www.dkhostel.dk opfylder alle betingelserne i forhold til den nye [&hellip;]\" \/>\n<meta property=\"og:url\" content=\"https:\/\/dkhostel.dk\/?page_id=3\" \/>\n<meta property=\"og:site_name\" content=\"Danhostel Kerteminde\" \/>\n<meta property=\"article:publisher\" content=\"https:\/\/da-dk.facebook.com\/danhostelkerteminde\/\" \/>\n<meta property=\"article:modified_time\" content=\"2020-11-26T10:37:13+00:00\" \/>\n<meta name=\"twitter:card\" content=\"summary_large_image\" \/>\n<meta name=\"twitter:label1\" content=\"Estimeret l\u00e6setid\" \/>\n\t<meta name=\"twitter:data1\" content=\"6 minutter\" \/>\n<script type=\"application\/ld+json\" class=\"yoast-schema-graph\">{\"@context\":\"https:\/\/schema.org\",\"@graph\":[{\"@type\":\"WebPage\",\"@id\":\"https:\/\/dkhostel.dk\/?page_id=3\",\"url\":\"https:\/\/dkhostel.dk\/?page_id=3\",\"name\":\"Privacy Policy - Danhostel Kerteminde\",\"isPartOf\":{\"@id\":\"https:\/\/dkhostel.dk\/#website\"},\"datePublished\":\"2019-03-13T08:50:43+00:00\",\"dateModified\":\"2020-11-26T10:37:13+00:00\",\"breadcrumb\":{\"@id\":\"https:\/\/dkhostel.dk\/?page_id=3#breadcrumb\"},\"inLanguage\":\"da-DK\",\"potentialAction\":[{\"@type\":\"ReadAction\",\"target\":[\"https:\/\/dkhostel.dk\/?page_id=3\"]}]},{\"@type\":\"BreadcrumbList\",\"@id\":\"https:\/\/dkhostel.dk\/?page_id=3#breadcrumb\",\"itemListElement\":[{\"@type\":\"ListItem\",\"position\":1,\"name\":\"Home\",\"item\":\"https:\/\/dkhostel.dk\/\"},{\"@type\":\"ListItem\",\"position\":2,\"name\":\"Privacy Policy\"}]},{\"@type\":\"WebSite\",\"@id\":\"https:\/\/dkhostel.dk\/#website\",\"url\":\"https:\/\/dkhostel.dk\/\",\"name\":\"Hotel Skovpavillionen\",\"description\":\"OVERNATNING I SK\u00d8NNE OMGIVELSER\",\"potentialAction\":[{\"@type\":\"SearchAction\",\"target\":{\"@type\":\"EntryPoint\",\"urlTemplate\":\"https:\/\/dkhostel.dk\/?s={search_term_string}\"},\"query-input\":\"required name=search_term_string\"}],\"inLanguage\":\"da-DK\"}]}<\/script>\n<!-- \/ Yoast SEO plugin. -->","yoast_head_json":{"title":"Privacy Policy - Danhostel Kerteminde","robots":{"index":"index","follow":"follow","max-snippet":"max-snippet:-1","max-image-preview":"max-image-preview:large","max-video-preview":"max-video-preview:-1"},"canonical":"https:\/\/dkhostel.dk\/?page_id=3","og_locale":"da_DK","og_type":"article","og_title":"Privacy Policy - Danhostel Kerteminde","og_description":"DANHOSTEL KERTEMINDE Denne fortrolighedspolitik er beregnet til at hj\u00e6lpe dig med at forst\u00e5, hvilke data vi indsamler, hvorfor vi indsamler det og hvad vi g\u00f8r med denne data. Dette er vigtigt, ikke kun for at sikre sikkerheden af dine personlige data, men ogs\u00e5 for at sikre at\u00a0www.dkhostel.dk opfylder alle betingelserne i forhold til den nye [&hellip;]","og_url":"https:\/\/dkhostel.dk\/?page_id=3","og_site_name":"Danhostel Kerteminde","article_publisher":"https:\/\/da-dk.facebook.com\/danhostelkerteminde\/","article_modified_time":"2020-11-26T10:37:13+00:00","twitter_card":"summary_large_image","twitter_misc":{"Estimeret l\u00e6setid":"6 minutter"},"schema":{"@context":"https:\/\/schema.org","@graph":[{"@type":"WebPage","@id":"https:\/\/dkhostel.dk\/?page_id=3","url":"https:\/\/dkhostel.dk\/?page_id=3","name":"Privacy Policy - Danhostel Kerteminde","isPartOf":{"@id":"https:\/\/dkhostel.dk\/#website"},"datePublished":"2019-03-13T08:50:43+00:00","dateModified":"2020-11-26T10:37:13+00:00","breadcrumb":{"@id":"https:\/\/dkhostel.dk\/?page_id=3#breadcrumb"},"inLanguage":"da-DK","potentialAction":[{"@type":"ReadAction","target":["https:\/\/dkhostel.dk\/?page_id=3"]}]},{"@type":"BreadcrumbList","@id":"https:\/\/dkhostel.dk\/?page_id=3#breadcrumb","itemListElement":[{"@type":"ListItem","position":1,"name":"Home","item":"https:\/\/dkhostel.dk\/"},{"@type":"ListItem","position":2,"name":"Privacy Policy"}]},{"@type":"WebSite","@id":"https:\/\/dkhostel.dk\/#website","url":"https:\/\/dkhostel.dk\/","name":"Hotel Skovpavillionen","description":"OVERNATNING I SK\u00d8NNE OMGIVELSER","potentialAction":[{"@type":"SearchAction","target":{"@type":"EntryPoint","urlTemplate":"https:\/\/dkhostel.dk\/?s={search_term_string}"},"query-input":"required name=search_term_string"}],"inLanguage":"da-DK"}]}},"_links":{"self":[{"href":"https:\/\/dkhostel.dk\/index.php?rest_route=\/wp\/v2\/pages\/3","targetHints":{"allow":["GET"]}}],"collection":[{"href":"https:\/\/dkhostel.dk\/index.php?rest_route=\/wp\/v2\/pages"}],"about":[{"href":"https:\/\/dkhostel.dk\/index.php?rest_route=\/wp\/v2\/types\/page"}],"author":[{"embeddable":true,"href":"https:\/\/dkhostel.dk\/index.php?rest_route=\/wp\/v2\/users\/1"}],"replies":[{"embeddable":true,"href":"https:\/\/dkhostel.dk\/index.php?rest_route=%2Fwp%2Fv2%2Fcomments&post=3"}],"version-history":[{"count":9,"href":"https:\/\/dkhostel.dk\/index.php?rest_route=\/wp\/v2\/pages\/3\/revisions"}],"predecessor-version":[{"id":1269,"href":"https:\/\/dkhostel.dk\/index.php?rest_route=\/wp\/v2\/pages\/3\/revisions\/1269"}],"wp:attachment":[{"href":"https:\/\/dkhostel.dk\/index.php?rest_route=%2Fwp%2Fv2%2Fmedia&parent=3"}],"curies":[{"name":"wp","href":"https:\/\/api.w.org\/{rel}","templated":true}]}}